{"id":2252,"date":"2021-05-31T15:14:33","date_gmt":"2021-05-31T14:14:33","guid":{"rendered":"https:\/\/pradecon.pt\/?page_id=2252"},"modified":"2021-06-25T09:19:55","modified_gmt":"2021-06-25T08:19:55","slug":"social-responsibility","status":"publish","type":"page","link":"https:\/\/pradecon.pt\/en\/social-responsibility\/","title":{"rendered":"Social Responsibility"},"content":{"rendered":"\t\t<div data-elementor-type=\"wp-page\" data-elementor-id=\"2252\" class=\"elementor elementor-2252 elementor-207\">\n\t\t\t\t\t\t<section class=\"elementor-section elementor-top-section elementor-element elementor-element-16cbd7b elementor-section-boxed elementor-section-height-default elementor-section-height-default\" data-id=\"16cbd7b\" data-element_type=\"section\">\n\t\t\t\t\t\t<div class=\"elementor-container elementor-column-gap-default\">\n\t\t\t\t\t<div class=\"elementor-column elementor-col-100 elementor-top-column elementor-element elementor-element-86dd2ce\" data-id=\"86dd2ce\" data-element_type=\"column\">\n\t\t\t<div class=\"elementor-widget-wrap elementor-element-populated\">\n\t\t\t\t\t\t<div class=\"elementor-element elementor-element-8e54dd3 elementor-widget elementor-widget-spacer\" data-id=\"8e54dd3\" data-element_type=\"widget\" data-widget_type=\"spacer.default\">\n\t\t\t\t<div class=\"elementor-widget-container\">\n\t\t\t\t\t\t\t<div class=\"elementor-spacer\">\n\t\t\t<div class=\"elementor-spacer-inner\"><\/div>\n\t\t<\/div>\n\t\t\t\t\t\t<\/div>\n\t\t\t\t<\/div>\n\t\t\t\t\t<\/div>\n\t\t<\/div>\n\t\t\t\t\t<\/div>\n\t\t<\/section>\n\t\t\t\t<section class=\"elementor-section elementor-top-section elementor-element elementor-element-ac20c15 elementor-section-full_width elementor-section-height-default elementor-section-height-default\" data-id=\"ac20c15\" data-element_type=\"section\">\n\t\t\t\t\t\t<div class=\"elementor-container elementor-column-gap-default\">\n\t\t\t\t\t<div class=\"elementor-column elementor-col-50 elementor-top-column elementor-element elementor-element-06bdba7\" data-id=\"06bdba7\" data-element_type=\"column\">\n\t\t\t<div class=\"elementor-widget-wrap elementor-element-populated\">\n\t\t\t\t\t\t<div class=\"elementor-element elementor-element-e8dbf05 elementor-widget elementor-widget-spacer\" data-id=\"e8dbf05\" data-element_type=\"widget\" data-widget_type=\"spacer.default\">\n\t\t\t\t<div class=\"elementor-widget-container\">\n\t\t\t\t\t\t\t<div class=\"elementor-spacer\">\n\t\t\t<div class=\"elementor-spacer-inner\"><\/div>\n\t\t<\/div>\n\t\t\t\t\t\t<\/div>\n\t\t\t\t<\/div>\n\t\t\t\t<div class=\"elementor-element elementor-element-f925e73 elementor-invisible elementor-widget elementor-widget-text-editor\" data-id=\"f925e73\" data-element_type=\"widget\" data-settings=\"{&quot;_animation&quot;:&quot;slideInLeft&quot;,&quot;_animation_delay&quot;:100}\" data-widget_type=\"text-editor.default\">\n\t\t\t\t<div class=\"elementor-widget-container\">\n\t\t\t\t\t\t\t\t\tWe are committed to the reduction of CO2 emissions into the atmosphere, not only through our work, but also by connecting with the community that works daily to raise <strong>awareness to sustainable behaviours<\/strong>, in pursuit of a higher goal, <strong>the balance of the planet.<\/strong>\t\t\t\t\t\t\t\t<\/div>\n\t\t\t\t<\/div>\n\t\t\t\t<div class=\"elementor-element elementor-element-b0ca2a9 elementor-widget elementor-widget-spacer\" data-id=\"b0ca2a9\" data-element_type=\"widget\" data-widget_type=\"spacer.default\">\n\t\t\t\t<div class=\"elementor-widget-container\">\n\t\t\t\t\t\t\t<div class=\"elementor-spacer\">\n\t\t\t<div class=\"elementor-spacer-inner\"><\/div>\n\t\t<\/div>\n\t\t\t\t\t\t<\/div>\n\t\t\t\t<\/div>\n\t\t\t\t\t<\/div>\n\t\t<\/div>\n\t\t\t\t<div class=\"elementor-column elementor-col-50 elementor-top-column elementor-element elementor-element-b431733 elementor-invisible\" data-id=\"b431733\" data-element_type=\"column\" data-settings=\"{&quot;background_background&quot;:&quot;classic&quot;,&quot;animation&quot;:&quot;fadeInDown&quot;,&quot;animation_delay&quot;:200}\">\n\t\t\t<div class=\"elementor-widget-wrap elementor-element-populated\">\n\t\t\t\t\t\t<div class=\"elementor-element elementor-element-ee38cf7 elementor-hidden-desktop elementor-widget elementor-widget-spacer\" data-id=\"ee38cf7\" data-element_type=\"widget\" data-widget_type=\"spacer.default\">\n\t\t\t\t<div class=\"elementor-widget-container\">\n\t\t\t\t\t\t\t<div class=\"elementor-spacer\">\n\t\t\t<div class=\"elementor-spacer-inner\"><\/div>\n\t\t<\/div>\n\t\t\t\t\t\t<\/div>\n\t\t\t\t<\/div>\n\t\t\t\t\t<\/div>\n\t\t<\/div>\n\t\t\t\t\t<\/div>\n\t\t<\/section>\n\t\t\t\t<section class=\"elementor-section elementor-top-section elementor-element elementor-element-51a1561 elementor-section-boxed elementor-section-height-default elementor-section-height-default\" data-id=\"51a1561\" data-element_type=\"section\">\n\t\t\t\t\t\t<div class=\"elementor-container elementor-column-gap-default\">\n\t\t\t\t\t<div class=\"elementor-column elementor-col-100 elementor-top-column elementor-element elementor-element-f22ac3c\" data-id=\"f22ac3c\" data-element_type=\"column\">\n\t\t\t<div class=\"elementor-widget-wrap elementor-element-populated\">\n\t\t\t\t\t\t<div class=\"elementor-element elementor-element-69b23e6 elementor-widget elementor-widget-spacer\" data-id=\"69b23e6\" data-element_type=\"widget\" data-widget_type=\"spacer.default\">\n\t\t\t\t<div class=\"elementor-widget-container\">\n\t\t\t\t\t\t\t<div class=\"elementor-spacer\">\n\t\t\t<div class=\"elementor-spacer-inner\"><\/div>\n\t\t<\/div>\n\t\t\t\t\t\t<\/div>\n\t\t\t\t<\/div>\n\t\t\t\t\t<\/div>\n\t\t<\/div>\n\t\t\t\t\t<\/div>\n\t\t<\/section>\n\t\t\t\t<\/div>\n\t\t","protected":false},"excerpt":{"rendered":"<p>We are committed to the reduction of CO2 emissions into the atmosphere, not only through our work, but also by connecting with the community that works daily to raise awareness to sustainable behaviours, in pursuit of a higher goal, the balance of the planet.<\/p>\n","protected":false},"author":1,"featured_media":0,"parent":0,"menu_order":0,"comment_status":"closed","ping_status":"closed","template":"","meta":{"footnotes":""},"class_list":["post-2252","page","type-page","status-publish","hentry"],"yoast_head":"<!-- This site is optimized with the Yoast SEO plugin v25.6 - https:\/\/yoast.com\/wordpress\/plugins\/seo\/ -->\n<title>Social Responsibility - Pradecon<\/title>\n<meta name=\"description\" content=\"Pradecon works to raise awareness for a life of sustainable habits in order to achieve balance on the planet. Learn more here.\" \/>\n<meta name=\"robots\" content=\"index, follow, max-snippet:-1, max-image-preview:large, max-video-preview:-1\" \/>\n<link rel=\"canonical\" href=\"https:\/\/pradecon.pt\/en\/social-responsibility\/\" \/>\n<meta property=\"og:locale\" content=\"en_US\" \/>\n<meta property=\"og:type\" content=\"article\" \/>\n<meta property=\"og:title\" content=\"Social Responsibility - Pradecon\" \/>\n<meta property=\"og:description\" content=\"Pradecon works to raise awareness for a life of sustainable habits in order to achieve balance on the planet. Learn more here.\" \/>\n<meta property=\"og:url\" content=\"https:\/\/pradecon.pt\/en\/social-responsibility\/\" \/>\n<meta property=\"og:site_name\" content=\"Pradecon\" \/>\n<meta property=\"article:modified_time\" content=\"2021-06-25T08:19:55+00:00\" \/>\n<meta property=\"og:image\" content=\"https:\/\/pradecon.pt\/wp-content\/uploads\/2021\/05\/logo-for-projeto-pradecon-default.png\" \/>\n\t<meta property=\"og:image:width\" content=\"686\" \/>\n\t<meta property=\"og:image:height\" content=\"411\" \/>\n\t<meta property=\"og:image:type\" content=\"image\/png\" \/>\n<meta name=\"twitter:card\" content=\"summary_large_image\" \/>\n<meta name=\"twitter:label1\" content=\"Est. reading time\" \/>\n\t<meta name=\"twitter:data1\" content=\"1 minute\" \/>\n<script type=\"application\/ld+json\" class=\"yoast-schema-graph\">{\"@context\":\"https:\/\/schema.org\",\"@graph\":[{\"@type\":\"WebPage\",\"@id\":\"https:\/\/pradecon.pt\/en\/social-responsibility\/\",\"url\":\"https:\/\/pradecon.pt\/en\/social-responsibility\/\",\"name\":\"Social Responsibility - Pradecon\",\"isPartOf\":{\"@id\":\"https:\/\/pradecon.pt\/en\/#website\"},\"datePublished\":\"2021-05-31T14:14:33+00:00\",\"dateModified\":\"2021-06-25T08:19:55+00:00\",\"description\":\"Pradecon works to raise awareness for a life of sustainable habits in order to achieve balance on the planet. Learn more here.\",\"breadcrumb\":{\"@id\":\"https:\/\/pradecon.pt\/en\/social-responsibility\/#breadcrumb\"},\"inLanguage\":\"en-US\",\"potentialAction\":[{\"@type\":\"ReadAction\",\"target\":[\"https:\/\/pradecon.pt\/en\/social-responsibility\/\"]}]},{\"@type\":\"BreadcrumbList\",\"@id\":\"https:\/\/pradecon.pt\/en\/social-responsibility\/#breadcrumb\",\"itemListElement\":[{\"@type\":\"ListItem\",\"position\":1,\"name\":\"In\u00edcio\",\"item\":\"https:\/\/pradecon.pt\/en\/\"},{\"@type\":\"ListItem\",\"position\":2,\"name\":\"Social Responsibility\"}]},{\"@type\":\"WebSite\",\"@id\":\"https:\/\/pradecon.pt\/en\/#website\",\"url\":\"https:\/\/pradecon.pt\/en\/\",\"name\":\"Pradecon\",\"description\":\"Operamos no setor das energias renov\u00e1veis, especificamente no desenvolvimento, concep\u00e7\u00e3o, fabrica\u00e7\u00e3o e instala\u00e7\u00e3o de parques fotovoltaicos.\",\"publisher\":{\"@id\":\"https:\/\/pradecon.pt\/en\/#organization\"},\"potentialAction\":[{\"@type\":\"SearchAction\",\"target\":{\"@type\":\"EntryPoint\",\"urlTemplate\":\"https:\/\/pradecon.pt\/en\/?s={search_term_string}\"},\"query-input\":{\"@type\":\"PropertyValueSpecification\",\"valueRequired\":true,\"valueName\":\"search_term_string\"}}],\"inLanguage\":\"en-US\"},{\"@type\":\"Organization\",\"@id\":\"https:\/\/pradecon.pt\/en\/#organization\",\"name\":\"Pradecon\",\"url\":\"https:\/\/pradecon.pt\/en\/\",\"logo\":{\"@type\":\"ImageObject\",\"inLanguage\":\"en-US\",\"@id\":\"https:\/\/pradecon.pt\/en\/#\/schema\/logo\/image\/\",\"url\":\"https:\/\/pradecon.pt\/wp-content\/uploads\/2021\/05\/logo-for-projeto-pradecon-default.png\",\"contentUrl\":\"https:\/\/pradecon.pt\/wp-content\/uploads\/2021\/05\/logo-for-projeto-pradecon-default.png\",\"width\":686,\"height\":411,\"caption\":\"Pradecon\"},\"image\":{\"@id\":\"https:\/\/pradecon.pt\/en\/#\/schema\/logo\/image\/\"}}]}<\/script>\n<!-- \/ Yoast SEO plugin. -->","yoast_head_json":{"title":"Social Responsibility - Pradecon","description":"Pradecon works to raise awareness for a life of sustainable habits in order to achieve balance on the planet. Learn more here.","robots":{"index":"index","follow":"follow","max-snippet":"max-snippet:-1","max-image-preview":"max-image-preview:large","max-video-preview":"max-video-preview:-1"},"canonical":"https:\/\/pradecon.pt\/en\/social-responsibility\/","og_locale":"en_US","og_type":"article","og_title":"Social Responsibility - Pradecon","og_description":"Pradecon works to raise awareness for a life of sustainable habits in order to achieve balance on the planet. Learn more here.","og_url":"https:\/\/pradecon.pt\/en\/social-responsibility\/","og_site_name":"Pradecon","article_modified_time":"2021-06-25T08:19:55+00:00","og_image":[{"width":686,"height":411,"url":"https:\/\/pradecon.pt\/wp-content\/uploads\/2021\/05\/logo-for-projeto-pradecon-default.png","type":"image\/png"}],"twitter_card":"summary_large_image","twitter_misc":{"Est. reading time":"1 minute"},"schema":{"@context":"https:\/\/schema.org","@graph":[{"@type":"WebPage","@id":"https:\/\/pradecon.pt\/en\/social-responsibility\/","url":"https:\/\/pradecon.pt\/en\/social-responsibility\/","name":"Social Responsibility - Pradecon","isPartOf":{"@id":"https:\/\/pradecon.pt\/en\/#website"},"datePublished":"2021-05-31T14:14:33+00:00","dateModified":"2021-06-25T08:19:55+00:00","description":"Pradecon works to raise awareness for a life of sustainable habits in order to achieve balance on the planet. Learn more here.","breadcrumb":{"@id":"https:\/\/pradecon.pt\/en\/social-responsibility\/#breadcrumb"},"inLanguage":"en-US","potentialAction":[{"@type":"ReadAction","target":["https:\/\/pradecon.pt\/en\/social-responsibility\/"]}]},{"@type":"BreadcrumbList","@id":"https:\/\/pradecon.pt\/en\/social-responsibility\/#breadcrumb","itemListElement":[{"@type":"ListItem","position":1,"name":"In\u00edcio","item":"https:\/\/pradecon.pt\/en\/"},{"@type":"ListItem","position":2,"name":"Social Responsibility"}]},{"@type":"WebSite","@id":"https:\/\/pradecon.pt\/en\/#website","url":"https:\/\/pradecon.pt\/en\/","name":"Pradecon","description":"Operamos no setor das energias renov\u00e1veis, especificamente no desenvolvimento, concep\u00e7\u00e3o, fabrica\u00e7\u00e3o e instala\u00e7\u00e3o de parques fotovoltaicos.","publisher":{"@id":"https:\/\/pradecon.pt\/en\/#organization"},"potentialAction":[{"@type":"SearchAction","target":{"@type":"EntryPoint","urlTemplate":"https:\/\/pradecon.pt\/en\/?s={search_term_string}"},"query-input":{"@type":"PropertyValueSpecification","valueRequired":true,"valueName":"search_term_string"}}],"inLanguage":"en-US"},{"@type":"Organization","@id":"https:\/\/pradecon.pt\/en\/#organization","name":"Pradecon","url":"https:\/\/pradecon.pt\/en\/","logo":{"@type":"ImageObject","inLanguage":"en-US","@id":"https:\/\/pradecon.pt\/en\/#\/schema\/logo\/image\/","url":"https:\/\/pradecon.pt\/wp-content\/uploads\/2021\/05\/logo-for-projeto-pradecon-default.png","contentUrl":"https:\/\/pradecon.pt\/wp-content\/uploads\/2021\/05\/logo-for-projeto-pradecon-default.png","width":686,"height":411,"caption":"Pradecon"},"image":{"@id":"https:\/\/pradecon.pt\/en\/#\/schema\/logo\/image\/"}}]}},"_links":{"self":[{"href":"https:\/\/pradecon.pt\/en\/wp-json\/wp\/v2\/pages\/2252","targetHints":{"allow":["GET"]}}],"collection":[{"href":"https:\/\/pradecon.pt\/en\/wp-json\/wp\/v2\/pages"}],"about":[{"href":"https:\/\/pradecon.pt\/en\/wp-json\/wp\/v2\/types\/page"}],"author":[{"embeddable":true,"href":"https:\/\/pradecon.pt\/en\/wp-json\/wp\/v2\/users\/1"}],"replies":[{"embeddable":true,"href":"https:\/\/pradecon.pt\/en\/wp-json\/wp\/v2\/comments?post=2252"}],"version-history":[{"count":5,"href":"https:\/\/pradecon.pt\/en\/wp-json\/wp\/v2\/pages\/2252\/revisions"}],"predecessor-version":[{"id":2321,"href":"https:\/\/pradecon.pt\/en\/wp-json\/wp\/v2\/pages\/2252\/revisions\/2321"}],"wp:attachment":[{"href":"https:\/\/pradecon.pt\/en\/wp-json\/wp\/v2\/media?parent=2252"}],"curies":[{"name":"wp","href":"https:\/\/api.w.org\/{rel}","templated":true}]}}