{"id":2236,"date":"2021-05-31T15:07:42","date_gmt":"2021-05-31T14:07:42","guid":{"rendered":"https:\/\/pradecon.pt\/?page_id=2236"},"modified":"2021-06-25T09:14:10","modified_gmt":"2021-06-25T08:14:10","slug":"news","status":"publish","type":"page","link":"https:\/\/pradecon.pt\/en\/news\/","title":{"rendered":"News"},"content":{"rendered":"\t\t<div data-elementor-type=\"wp-page\" data-elementor-id=\"2236\" class=\"elementor elementor-2236 elementor-209\">\n\t\t\t\t\t\t<section class=\"elementor-section elementor-top-section elementor-element elementor-element-648b06c elementor-section-boxed elementor-section-height-default elementor-section-height-default\" data-id=\"648b06c\" data-element_type=\"section\">\n\t\t\t\t\t\t<div class=\"elementor-container elementor-column-gap-default\">\n\t\t\t\t\t<div class=\"elementor-column elementor-col-100 elementor-top-column elementor-element elementor-element-e2717cf\" data-id=\"e2717cf\" data-element_type=\"column\">\n\t\t\t<div class=\"elementor-widget-wrap elementor-element-populated\">\n\t\t\t\t\t\t<div class=\"elementor-element elementor-element-e48fb15 elementor-widget elementor-widget-spacer\" data-id=\"e48fb15\" data-element_type=\"widget\" data-widget_type=\"spacer.default\">\n\t\t\t\t<div class=\"elementor-widget-container\">\n\t\t\t\t\t\t\t<div class=\"elementor-spacer\">\n\t\t\t<div class=\"elementor-spacer-inner\"><\/div>\n\t\t<\/div>\n\t\t\t\t\t\t<\/div>\n\t\t\t\t<\/div>\n\t\t\t\t\t<\/div>\n\t\t<\/div>\n\t\t\t\t\t<\/div>\n\t\t<\/section>\n\t\t\t\t<section class=\"elementor-section elementor-top-section elementor-element elementor-element-567244f5 elementor-section-full_width elementor-section-height-default elementor-section-height-default\" data-id=\"567244f5\" data-element_type=\"section\">\n\t\t\t\t\t\t<div class=\"elementor-container elementor-column-gap-default\">\n\t\t\t\t\t<div class=\"elementor-column elementor-col-100 elementor-top-column elementor-element elementor-element-6f7edad3\" data-id=\"6f7edad3\" data-element_type=\"column\">\n\t\t\t<div class=\"elementor-widget-wrap elementor-element-populated\">\n\t\t\t\t\t\t<div class=\"elementor-element elementor-element-97df50a elementor-widget elementor-widget-text-editor\" data-id=\"97df50a\" data-element_type=\"widget\" data-widget_type=\"text-editor.default\">\n\t\t\t\t<div class=\"elementor-widget-container\">\n\t\t\t\t\t\t\t\t\tUnfortunately, there is still no news!\t\t\t\t\t\t\t\t<\/div>\n\t\t\t\t<\/div>\n\t\t\t\t\t<\/div>\n\t\t<\/div>\n\t\t\t\t\t<\/div>\n\t\t<\/section>\n\t\t\t\t<\/div>\n\t\t","protected":false},"excerpt":{"rendered":"<p>Unfortunately, there is still no news! May 31, 2021 New 03 Ut enim ad minim veniam,quis nostrud exercitation ullamco laborisnisi ut aliquip ex Ut enim ad&#8230; See More nUt enim ad minim veniam,quis nostrud exercitation ullamco laborisnisi ut aliquip ex Ut enim ad minim veniam,quis nostrud exercitation ullamco laborisnisi ut aliquip ex Ut enim ad [&hellip;]<\/p>\n","protected":false},"author":1,"featured_media":0,"parent":0,"menu_order":0,"comment_status":"closed","ping_status":"closed","template":"","meta":{"footnotes":""},"class_list":["post-2236","page","type-page","status-publish","hentry"],"yoast_head":"<!-- This site is optimized with the Yoast SEO plugin v25.6 - https:\/\/yoast.com\/wordpress\/plugins\/seo\/ -->\n<title>News - Pradecon<\/title>\n<meta name=\"description\" content=\"At Pradecon we seek and deliver the best selection of industry news. Get to know all the Pradecon news here.\" \/>\n<meta name=\"robots\" content=\"index, follow, max-snippet:-1, max-image-preview:large, max-video-preview:-1\" \/>\n<link rel=\"canonical\" href=\"https:\/\/pradecon.pt\/en\/news\/\" \/>\n<meta property=\"og:locale\" content=\"en_US\" \/>\n<meta property=\"og:type\" content=\"article\" \/>\n<meta property=\"og:title\" content=\"News - Pradecon\" \/>\n<meta property=\"og:description\" content=\"At Pradecon we seek and deliver the best selection of industry news. Get to know all the Pradecon news here.\" \/>\n<meta property=\"og:url\" content=\"https:\/\/pradecon.pt\/en\/news\/\" \/>\n<meta property=\"og:site_name\" content=\"Pradecon\" \/>\n<meta property=\"article:modified_time\" content=\"2021-06-25T08:14:10+00:00\" \/>\n<meta property=\"og:image\" content=\"https:\/\/pradecon.pt\/wp-content\/uploads\/2021\/05\/pradecon-pf-services-1-1170x725.jpg\" \/>\n<meta name=\"twitter:card\" content=\"summary_large_image\" \/>\n<meta name=\"twitter:label1\" content=\"Est. reading time\" \/>\n\t<meta name=\"twitter:data1\" content=\"1 minute\" \/>\n<script type=\"application\/ld+json\" class=\"yoast-schema-graph\">{\"@context\":\"https:\/\/schema.org\",\"@graph\":[{\"@type\":\"WebPage\",\"@id\":\"https:\/\/pradecon.pt\/en\/news\/\",\"url\":\"https:\/\/pradecon.pt\/en\/news\/\",\"name\":\"News - Pradecon\",\"isPartOf\":{\"@id\":\"https:\/\/pradecon.pt\/en\/#website\"},\"primaryImageOfPage\":{\"@id\":\"https:\/\/pradecon.pt\/en\/news\/#primaryimage\"},\"image\":{\"@id\":\"https:\/\/pradecon.pt\/en\/news\/#primaryimage\"},\"thumbnailUrl\":\"https:\/\/pradecon.pt\/wp-content\/uploads\/2021\/05\/pradecon-pf-services-1.jpg\",\"datePublished\":\"2021-05-31T14:07:42+00:00\",\"dateModified\":\"2021-06-25T08:14:10+00:00\",\"description\":\"At Pradecon we seek and deliver the best selection of industry news. Get to know all the Pradecon news here.\",\"breadcrumb\":{\"@id\":\"https:\/\/pradecon.pt\/en\/news\/#breadcrumb\"},\"inLanguage\":\"en-US\",\"potentialAction\":[{\"@type\":\"ReadAction\",\"target\":[\"https:\/\/pradecon.pt\/en\/news\/\"]}]},{\"@type\":\"ImageObject\",\"inLanguage\":\"en-US\",\"@id\":\"https:\/\/pradecon.pt\/en\/news\/#primaryimage\",\"url\":\"https:\/\/pradecon.pt\/wp-content\/uploads\/2021\/05\/pradecon-pf-services-1.jpg\",\"contentUrl\":\"https:\/\/pradecon.pt\/wp-content\/uploads\/2021\/05\/pradecon-pf-services-1.jpg\"},{\"@type\":\"BreadcrumbList\",\"@id\":\"https:\/\/pradecon.pt\/en\/news\/#breadcrumb\",\"itemListElement\":[{\"@type\":\"ListItem\",\"position\":1,\"name\":\"In\u00edcio\",\"item\":\"https:\/\/pradecon.pt\/en\/\"},{\"@type\":\"ListItem\",\"position\":2,\"name\":\"News\"}]},{\"@type\":\"WebSite\",\"@id\":\"https:\/\/pradecon.pt\/en\/#website\",\"url\":\"https:\/\/pradecon.pt\/en\/\",\"name\":\"Pradecon\",\"description\":\"Operamos no setor das energias renov\u00e1veis, especificamente no desenvolvimento, concep\u00e7\u00e3o, fabrica\u00e7\u00e3o e instala\u00e7\u00e3o de parques fotovoltaicos.\",\"publisher\":{\"@id\":\"https:\/\/pradecon.pt\/en\/#organization\"},\"potentialAction\":[{\"@type\":\"SearchAction\",\"target\":{\"@type\":\"EntryPoint\",\"urlTemplate\":\"https:\/\/pradecon.pt\/en\/?s={search_term_string}\"},\"query-input\":{\"@type\":\"PropertyValueSpecification\",\"valueRequired\":true,\"valueName\":\"search_term_string\"}}],\"inLanguage\":\"en-US\"},{\"@type\":\"Organization\",\"@id\":\"https:\/\/pradecon.pt\/en\/#organization\",\"name\":\"Pradecon\",\"url\":\"https:\/\/pradecon.pt\/en\/\",\"logo\":{\"@type\":\"ImageObject\",\"inLanguage\":\"en-US\",\"@id\":\"https:\/\/pradecon.pt\/en\/#\/schema\/logo\/image\/\",\"url\":\"https:\/\/pradecon.pt\/wp-content\/uploads\/2021\/05\/logo-for-projeto-pradecon-default.png\",\"contentUrl\":\"https:\/\/pradecon.pt\/wp-content\/uploads\/2021\/05\/logo-for-projeto-pradecon-default.png\",\"width\":686,\"height\":411,\"caption\":\"Pradecon\"},\"image\":{\"@id\":\"https:\/\/pradecon.pt\/en\/#\/schema\/logo\/image\/\"}}]}<\/script>\n<!-- \/ Yoast SEO plugin. -->","yoast_head_json":{"title":"News - Pradecon","description":"At Pradecon we seek and deliver the best selection of industry news. Get to know all the Pradecon news here.","robots":{"index":"index","follow":"follow","max-snippet":"max-snippet:-1","max-image-preview":"max-image-preview:large","max-video-preview":"max-video-preview:-1"},"canonical":"https:\/\/pradecon.pt\/en\/news\/","og_locale":"en_US","og_type":"article","og_title":"News - Pradecon","og_description":"At Pradecon we seek and deliver the best selection of industry news. Get to know all the Pradecon news here.","og_url":"https:\/\/pradecon.pt\/en\/news\/","og_site_name":"Pradecon","article_modified_time":"2021-06-25T08:14:10+00:00","og_image":[{"url":"https:\/\/pradecon.pt\/wp-content\/uploads\/2021\/05\/pradecon-pf-services-1-1170x725.jpg","type":"","width":"","height":""}],"twitter_card":"summary_large_image","twitter_misc":{"Est. reading time":"1 minute"},"schema":{"@context":"https:\/\/schema.org","@graph":[{"@type":"WebPage","@id":"https:\/\/pradecon.pt\/en\/news\/","url":"https:\/\/pradecon.pt\/en\/news\/","name":"News - Pradecon","isPartOf":{"@id":"https:\/\/pradecon.pt\/en\/#website"},"primaryImageOfPage":{"@id":"https:\/\/pradecon.pt\/en\/news\/#primaryimage"},"image":{"@id":"https:\/\/pradecon.pt\/en\/news\/#primaryimage"},"thumbnailUrl":"https:\/\/pradecon.pt\/wp-content\/uploads\/2021\/05\/pradecon-pf-services-1.jpg","datePublished":"2021-05-31T14:07:42+00:00","dateModified":"2021-06-25T08:14:10+00:00","description":"At Pradecon we seek and deliver the best selection of industry news. Get to know all the Pradecon news here.","breadcrumb":{"@id":"https:\/\/pradecon.pt\/en\/news\/#breadcrumb"},"inLanguage":"en-US","potentialAction":[{"@type":"ReadAction","target":["https:\/\/pradecon.pt\/en\/news\/"]}]},{"@type":"ImageObject","inLanguage":"en-US","@id":"https:\/\/pradecon.pt\/en\/news\/#primaryimage","url":"https:\/\/pradecon.pt\/wp-content\/uploads\/2021\/05\/pradecon-pf-services-1.jpg","contentUrl":"https:\/\/pradecon.pt\/wp-content\/uploads\/2021\/05\/pradecon-pf-services-1.jpg"},{"@type":"BreadcrumbList","@id":"https:\/\/pradecon.pt\/en\/news\/#breadcrumb","itemListElement":[{"@type":"ListItem","position":1,"name":"In\u00edcio","item":"https:\/\/pradecon.pt\/en\/"},{"@type":"ListItem","position":2,"name":"News"}]},{"@type":"WebSite","@id":"https:\/\/pradecon.pt\/en\/#website","url":"https:\/\/pradecon.pt\/en\/","name":"Pradecon","description":"Operamos no setor das energias renov\u00e1veis, especificamente no desenvolvimento, concep\u00e7\u00e3o, fabrica\u00e7\u00e3o e instala\u00e7\u00e3o de parques fotovoltaicos.","publisher":{"@id":"https:\/\/pradecon.pt\/en\/#organization"},"potentialAction":[{"@type":"SearchAction","target":{"@type":"EntryPoint","urlTemplate":"https:\/\/pradecon.pt\/en\/?s={search_term_string}"},"query-input":{"@type":"PropertyValueSpecification","valueRequired":true,"valueName":"search_term_string"}}],"inLanguage":"en-US"},{"@type":"Organization","@id":"https:\/\/pradecon.pt\/en\/#organization","name":"Pradecon","url":"https:\/\/pradecon.pt\/en\/","logo":{"@type":"ImageObject","inLanguage":"en-US","@id":"https:\/\/pradecon.pt\/en\/#\/schema\/logo\/image\/","url":"https:\/\/pradecon.pt\/wp-content\/uploads\/2021\/05\/logo-for-projeto-pradecon-default.png","contentUrl":"https:\/\/pradecon.pt\/wp-content\/uploads\/2021\/05\/logo-for-projeto-pradecon-default.png","width":686,"height":411,"caption":"Pradecon"},"image":{"@id":"https:\/\/pradecon.pt\/en\/#\/schema\/logo\/image\/"}}]}},"_links":{"self":[{"href":"https:\/\/pradecon.pt\/en\/wp-json\/wp\/v2\/pages\/2236","targetHints":{"allow":["GET"]}}],"collection":[{"href":"https:\/\/pradecon.pt\/en\/wp-json\/wp\/v2\/pages"}],"about":[{"href":"https:\/\/pradecon.pt\/en\/wp-json\/wp\/v2\/types\/page"}],"author":[{"embeddable":true,"href":"https:\/\/pradecon.pt\/en\/wp-json\/wp\/v2\/users\/1"}],"replies":[{"embeddable":true,"href":"https:\/\/pradecon.pt\/en\/wp-json\/wp\/v2\/comments?post=2236"}],"version-history":[{"count":9,"href":"https:\/\/pradecon.pt\/en\/wp-json\/wp\/v2\/pages\/2236\/revisions"}],"predecessor-version":[{"id":2508,"href":"https:\/\/pradecon.pt\/en\/wp-json\/wp\/v2\/pages\/2236\/revisions\/2508"}],"wp:attachment":[{"href":"https:\/\/pradecon.pt\/en\/wp-json\/wp\/v2\/media?parent=2236"}],"curies":[{"name":"wp","href":"https:\/\/api.w.org\/{rel}","templated":true}]}}