{"id":2212,"date":"2021-05-31T14:57:44","date_gmt":"2021-05-31T13:57:44","guid":{"rendered":"https:\/\/pradecon.pt\/?page_id=2212"},"modified":"2023-01-02T18:00:16","modified_gmt":"2023-01-02T17:00:16","slug":"contacts","status":"publish","type":"page","link":"https:\/\/pradecon.pt\/en\/contacts\/","title":{"rendered":"Contacts"},"content":{"rendered":"\t\t<div data-elementor-type=\"wp-page\" data-elementor-id=\"2212\" class=\"elementor elementor-2212 elementor-211\">\n\t\t\t\t\t\t<section class=\"elementor-section elementor-top-section elementor-element elementor-element-15511db1 elementor-section-full_width elementor-section-height-default elementor-section-height-default\" data-id=\"15511db1\" data-element_type=\"section\">\n\t\t\t\t\t\t<div class=\"elementor-container elementor-column-gap-default\">\n\t\t\t\t\t<div class=\"elementor-column elementor-col-50 elementor-top-column elementor-element elementor-element-1cadbefc\" data-id=\"1cadbefc\" data-element_type=\"column\">\n\t\t\t<div class=\"elementor-widget-wrap elementor-element-populated\">\n\t\t\t\t\t\t<div class=\"elementor-element elementor-element-3a3e5782 divider_yes elementor-widget elementor-widget-wgl-double-headings\" data-id=\"3a3e5782\" data-element_type=\"widget\" data-widget_type=\"wgl-double-headings.default\">\n\t\t\t\t<div class=\"elementor-widget-container\">\n\t\t\t\t\t<div class=\"wgl-double_heading aleft\">\t\t\t\t<h3 class=\"dbl-title_wrapper\"><span class=\"dbl-title dbl-title_1\">Contacts<\/span> \t\t\t\t<\/h3>\t\t<\/div>\t\t\t\t<\/div>\n\t\t\t\t<\/div>\n\t\t\t\t<div class=\"elementor-element elementor-element-6ff8931 elementor-widget elementor-widget-spacer\" data-id=\"6ff8931\" data-element_type=\"widget\" data-widget_type=\"spacer.default\">\n\t\t\t\t<div class=\"elementor-widget-container\">\n\t\t\t\t\t\t\t<div class=\"elementor-spacer\">\n\t\t\t<div class=\"elementor-spacer-inner\"><\/div>\n\t\t<\/div>\n\t\t\t\t\t\t<\/div>\n\t\t\t\t<\/div>\n\t\t\t\t<section class=\"elementor-section elementor-inner-section elementor-element elementor-element-19c1d28 elementor-section-boxed elementor-section-height-default elementor-section-height-default\" data-id=\"19c1d28\" data-element_type=\"section\">\n\t\t\t\t\t\t<div class=\"elementor-container elementor-column-gap-default\">\n\t\t\t\t\t<div class=\"elementor-column elementor-col-100 elementor-inner-column elementor-element elementor-element-c23e777\" data-id=\"c23e777\" data-element_type=\"column\">\n\t\t\t<div class=\"elementor-widget-wrap elementor-element-populated\">\n\t\t\t\t\t\t<div class=\"elementor-element elementor-element-13030c2a elementor-position-left elementor-widget-icon-box wgl-icon-box elementor-view-default aleft elementor-widget elementor-widget-wgl-info-box\" data-id=\"13030c2a\" data-element_type=\"widget\" data-widget_type=\"wgl-info-box.default\">\n\t\t\t\t<div class=\"elementor-widget-container\">\n\t\t\t\t\t<div class=\"wgl-infobox\"><div class=\"wgl-infobox_wrapper elementor-icon-box-wrapper\"><div class=\"wgl-infobox-icon_wrapper elementor-icon-box-icon\"><div class=\"wgl-infobox-icon_container\"><span class=\"wgl-icon elementor-icon elementor-animation-\" ><i class=\"icon flaticon-pin\"><\/i><\/span><\/div><\/div><div class=\"wgl-infobox-content_wrapper elementor-icon-box-content\"><div class=\"wgl-infobox-title_wrapper\"><\/div><div class=\"wgl-infobox_content\"><p>Rua D.Antonio Bento Martins Jr., 26 4480-028 Arcos, Vila do Conde,<br \/>Portugal<\/p><\/div><\/div><\/div><\/div>\t\t\t\t<\/div>\n\t\t\t\t<\/div>\n\t\t\t\t<div class=\"elementor-element elementor-element-53e93797 elementor-position-left elementor-widget-icon-box wgl-icon-box elementor-view-default aleft elementor-widget elementor-widget-wgl-info-box\" data-id=\"53e93797\" data-element_type=\"widget\" data-widget_type=\"wgl-info-box.default\">\n\t\t\t\t<div class=\"elementor-widget-container\">\n\t\t\t\t\t<div class=\"wgl-infobox\"><div class=\"wgl-infobox_wrapper elementor-icon-box-wrapper\"><div class=\"wgl-infobox-icon_wrapper elementor-icon-box-icon\"><div class=\"wgl-infobox-icon_container\"><span class=\"wgl-icon elementor-icon elementor-animation-\" ><i class=\"icon flaticon-at\"><\/i><\/span><\/div><\/div><div class=\"wgl-infobox-content_wrapper elementor-icon-box-content\"><div class=\"wgl-infobox-title_wrapper\"><\/div><div class=\"wgl-infobox_content\"><p>pradecon@pradecon.pt<\/p><\/div><\/div><\/div><\/div>\t\t\t\t<\/div>\n\t\t\t\t<\/div>\n\t\t\t\t<div class=\"elementor-element elementor-element-4a3a2da0 elementor-position-left elementor-widget-icon-box wgl-icon-box elementor-view-default aleft elementor-widget elementor-widget-wgl-info-box\" data-id=\"4a3a2da0\" data-element_type=\"widget\" data-widget_type=\"wgl-info-box.default\">\n\t\t\t\t<div class=\"elementor-widget-container\">\n\t\t\t\t\t<div class=\"wgl-infobox\"><div class=\"wgl-infobox_wrapper elementor-icon-box-wrapper\"><div class=\"wgl-infobox-icon_wrapper elementor-icon-box-icon\"><div class=\"wgl-infobox-icon_container\"><span class=\"wgl-icon elementor-icon elementor-animation-\" ><i class=\"icon flaticon-phone-1\"><\/i><\/span><\/div><\/div><div class=\"wgl-infobox-content_wrapper elementor-icon-box-content\"><div class=\"wgl-infobox-title_wrapper\"><\/div><div class=\"wgl-infobox_content\"><p style=\"line-height: 1.2em;\">(+351) 252 663 210<br \/><span style=\"font-size: 12px; line-height: 1.2em;\">Calls to the national mobile and fixed network according to the conditions of your plan.<\/span><\/p><\/div><\/div><\/div><\/div>\t\t\t\t<\/div>\n\t\t\t\t<\/div>\n\t\t\t\t\t<\/div>\n\t\t<\/div>\n\t\t\t\t\t<\/div>\n\t\t<\/section>\n\t\t\t\t<div class=\"elementor-element elementor-element-23ff70d8 elementor-widget elementor-widget-spacer\" data-id=\"23ff70d8\" data-element_type=\"widget\" data-widget_type=\"spacer.default\">\n\t\t\t\t<div class=\"elementor-widget-container\">\n\t\t\t\t\t\t\t<div class=\"elementor-spacer\">\n\t\t\t<div class=\"elementor-spacer-inner\"><\/div>\n\t\t<\/div>\n\t\t\t\t\t\t<\/div>\n\t\t\t\t<\/div>\n\t\t\t\t\t<\/div>\n\t\t<\/div>\n\t\t\t\t<div class=\"elementor-column elementor-col-50 elementor-top-column elementor-element elementor-element-72d4ba06\" data-id=\"72d4ba06\" data-element_type=\"column\">\n\t\t\t<div class=\"elementor-widget-wrap elementor-element-populated\">\n\t\t\t\t\t\t<div class=\"elementor-element elementor-element-6d7894ce elementor-widget elementor-widget-text-editor\" data-id=\"6d7894ce\" data-element_type=\"widget\" data-widget_type=\"text-editor.default\">\n\t\t\t\t<div class=\"elementor-widget-container\">\n\t\t\t\t\t\t\t\t\t\n<div class=\"wpcf7 no-js\" id=\"wpcf7-f2226-o1\" lang=\"en-US\" dir=\"ltr\" data-wpcf7-id=\"2226\">\n<div class=\"screen-reader-response\"><p role=\"status\" aria-live=\"polite\" aria-atomic=\"true\"><\/p> <ul><\/ul><\/div>\n<form action=\"\/en\/wp-json\/wp\/v2\/pages\/2212#wpcf7-f2226-o1\" method=\"post\" class=\"wpcf7-form init\" aria-label=\"Contact form\" novalidate=\"novalidate\" data-status=\"init\">\n<fieldset class=\"hidden-fields-container\"><input type=\"hidden\" name=\"_wpcf7\" value=\"2226\" \/><input type=\"hidden\" name=\"_wpcf7_version\" value=\"6.1\" \/><input type=\"hidden\" name=\"_wpcf7_locale\" value=\"en_US\" \/><input type=\"hidden\" name=\"_wpcf7_unit_tag\" value=\"wpcf7-f2226-o1\" \/><input type=\"hidden\" name=\"_wpcf7_container_post\" value=\"0\" \/><input type=\"hidden\" name=\"_wpcf7_posted_data_hash\" value=\"\" \/><input type=\"hidden\" name=\"_wpcf7_recaptcha_response\" value=\"\" \/>\n<\/fieldset>\n<div class=\"main-form\">\n<p class=\"contact_name_input\" ><span class=\"wpcf7-form-control-wrap\" data-name=\"your-name\"><input size=\"40\" maxlength=\"400\" class=\"wpcf7-form-control wpcf7-text wpcf7-validates-as-required\" aria-required=\"true\" aria-invalid=\"false\" placeholder=\"Name\" value=\"\" type=\"text\" name=\"your-name\" \/><\/span><\/p>\n<p class=\"contact_email_input\" ><span class=\"wpcf7-form-control-wrap\" data-name=\"your-email\"><input size=\"40\" maxlength=\"400\" class=\"wpcf7-form-control wpcf7-email wpcf7-validates-as-required wpcf7-text wpcf7-validates-as-email\" aria-required=\"true\" aria-invalid=\"false\" placeholder=\"E-mail\" value=\"\" type=\"email\" name=\"your-email\" \/><\/span><\/p>\n<p class=\"contact_textarea_input\"><span class=\"wpcf7-form-control-wrap\" data-name=\"your-message\"><textarea cols=\"40\" rows=\"8\" maxlength=\"2000\" class=\"wpcf7-form-control wpcf7-textarea wpcf7-validates-as-required\" aria-required=\"true\" aria-invalid=\"false\" placeholder=\"Message\" name=\"your-message\"><\/textarea><\/span><\/p>\n<span class=\"wpcf7-form-control-wrap\" data-name=\"pradecon-gdpr\"><span class=\"wpcf7-form-control wpcf7-checkbox wpcf7-validates-as-required\"><span class=\"wpcf7-list-item first last\"><label><input type=\"checkbox\" name=\"pradecon-gdpr[]\" value=\"By using this form you agree to the storage and processing of your data by this website.\" \/><span class=\"wpcf7-list-item-label\">By using this form you agree to the storage and processing of your data by this website.<\/span><\/label><\/span><\/span><\/span>\n<\/div>\n\n<button type=\"submit\" class=\"octf-btn\">Send<\/button><div class=\"wpcf7-response-output\" aria-hidden=\"true\"><\/div>\n<\/form>\n<\/div>\n\t\t\t\t\t\t\t\t<\/div>\n\t\t\t\t<\/div>\n\t\t\t\t\t<\/div>\n\t\t<\/div>\n\t\t\t\t\t<\/div>\n\t\t<\/section>\n\t\t\t\t<section class=\"elementor-section elementor-top-section elementor-element elementor-element-fd22e4a elementor-section-boxed elementor-section-height-default elementor-section-height-default\" data-id=\"fd22e4a\" data-element_type=\"section\">\n\t\t\t\t\t\t<div class=\"elementor-container elementor-column-gap-default\">\n\t\t\t\t\t<div class=\"elementor-column elementor-col-100 elementor-top-column elementor-element elementor-element-2f2457e\" data-id=\"2f2457e\" data-element_type=\"column\">\n\t\t\t<div class=\"elementor-widget-wrap elementor-element-populated\">\n\t\t\t\t\t\t<div class=\"elementor-element elementor-element-75b8a73 elementor-widget elementor-widget-spacer\" data-id=\"75b8a73\" data-element_type=\"widget\" data-widget_type=\"spacer.default\">\n\t\t\t\t<div class=\"elementor-widget-container\">\n\t\t\t\t\t\t\t<div class=\"elementor-spacer\">\n\t\t\t<div class=\"elementor-spacer-inner\"><\/div>\n\t\t<\/div>\n\t\t\t\t\t\t<\/div>\n\t\t\t\t<\/div>\n\t\t\t\t\t<\/div>\n\t\t<\/div>\n\t\t\t\t\t<\/div>\n\t\t<\/section>\n\t\t\t\t<section class=\"elementor-section elementor-top-section elementor-element elementor-element-4613d83f elementor-section-full_width elementor-section-height-default elementor-section-height-default\" data-id=\"4613d83f\" data-element_type=\"section\">\n\t\t\t\t\t\t<div class=\"elementor-container elementor-column-gap-default\">\n\t\t\t\t\t<div class=\"elementor-column elementor-col-100 elementor-top-column elementor-element elementor-element-37d858d8\" data-id=\"37d858d8\" data-element_type=\"column\">\n\t\t\t<div class=\"elementor-widget-wrap elementor-element-populated\">\n\t\t\t\t\t\t<div class=\"elementor-element elementor-element-2512429 elementor-widget elementor-widget-html\" data-id=\"2512429\" data-element_type=\"widget\" data-widget_type=\"html.default\">\n\t\t\t\t<div class=\"elementor-widget-container\">\n\t\t\t\t\t<iframe src=\"https:\/\/www.google.com\/maps\/embed?pb=!1m18!1m12!1m3!1d2992.5067325853297!2d-8.669996184296847!3d41.40651750277142!2m3!1f0!2f0!3f0!3m2!1i1024!2i768!4f13.1!3m3!1m2!1s0xd244530ef944e91%3A0xeb57262d9f303daf!2zUHJhZGVjb24tQ29uc3RydcOnw7VlcyBNZXTDoWxpY2FzLCBMZGEu!5e0!3m2!1sen!2spt!4v1622023753807!5m2!1sen!2spt\" width=\"600\" height=\"450\" style=\"border:0;\" allowfullscreen=\"\" loading=\"lazy\"><\/iframe>\t\t\t\t<\/div>\n\t\t\t\t<\/div>\n\t\t\t\t<div class=\"elementor-element elementor-element-36fddfd elementor-hidden-desktop elementor-hidden-tablet elementor-hidden-phone elementor-widget elementor-widget-google_maps\" data-id=\"36fddfd\" data-element_type=\"widget\" data-widget_type=\"google_maps.default\">\n\t\t\t\t<div class=\"elementor-widget-container\">\n\t\t\t\t\t\t\t<div class=\"elementor-custom-embed\">\n\t\t\t<iframe loading=\"lazy\"\n\t\t\t\t\tsrc=\"https:\/\/maps.google.com\/maps?q=Pradecon-Constru%C3%A7%C3%B5es%20Met%C3%A1licas%2C%20Lda.&#038;t=m&#038;z=16&#038;output=embed&#038;iwloc=near\"\n\t\t\t\t\ttitle=\"Pradecon-Constru\u00e7\u00f5es Met\u00e1licas, Lda.\"\n\t\t\t\t\taria-label=\"Pradecon-Constru\u00e7\u00f5es Met\u00e1licas, Lda.\"\n\t\t\t><\/iframe>\n\t\t<\/div>\n\t\t\t\t\t\t<\/div>\n\t\t\t\t<\/div>\n\t\t\t\t\t<\/div>\n\t\t<\/div>\n\t\t\t\t\t<\/div>\n\t\t<\/section>\n\t\t\t\t<section class=\"elementor-section elementor-top-section elementor-element elementor-element-fa4d7ec elementor-section-boxed elementor-section-height-default elementor-section-height-default\" data-id=\"fa4d7ec\" data-element_type=\"section\">\n\t\t\t\t\t\t<div class=\"elementor-container elementor-column-gap-default\">\n\t\t\t\t\t<div class=\"elementor-column elementor-col-100 elementor-top-column elementor-element elementor-element-1006801\" data-id=\"1006801\" data-element_type=\"column\">\n\t\t\t<div class=\"elementor-widget-wrap elementor-element-populated\">\n\t\t\t\t\t\t<div class=\"elementor-element elementor-element-aecbae6 elementor-widget elementor-widget-spacer\" data-id=\"aecbae6\" data-element_type=\"widget\" data-widget_type=\"spacer.default\">\n\t\t\t\t<div class=\"elementor-widget-container\">\n\t\t\t\t\t\t\t<div class=\"elementor-spacer\">\n\t\t\t<div class=\"elementor-spacer-inner\"><\/div>\n\t\t<\/div>\n\t\t\t\t\t\t<\/div>\n\t\t\t\t<\/div>\n\t\t\t\t\t<\/div>\n\t\t<\/div>\n\t\t\t\t\t<\/div>\n\t\t<\/section>\n\t\t\t\t<\/div>\n\t\t","protected":false},"excerpt":{"rendered":"<p>Contacts Rua D.Antonio Bento Martins Jr., 26 4480-028 Arcos, Vila do Conde,Portugal pradecon@pradecon.pt (+351) 252 663 210Calls to the national mobile and fixed network according to the conditions of your plan.<\/p>\n","protected":false},"author":1,"featured_media":0,"parent":0,"menu_order":0,"comment_status":"closed","ping_status":"closed","template":"","meta":{"footnotes":""},"class_list":["post-2212","page","type-page","status-publish","hentry"],"yoast_head":"<!-- This site is optimized with the Yoast SEO plugin v25.6 - https:\/\/yoast.com\/wordpress\/plugins\/seo\/ -->\n<title>Contacts - Pradecon<\/title>\n<meta name=\"description\" content=\"You can visit us in Arcos, Vila do Conde or contact us by phone or email. Access the Pradecon contact details here.\" \/>\n<meta name=\"robots\" content=\"index, follow, max-snippet:-1, max-image-preview:large, max-video-preview:-1\" \/>\n<link rel=\"canonical\" href=\"https:\/\/pradecon.pt\/en\/contacts\/\" \/>\n<meta property=\"og:locale\" content=\"en_US\" \/>\n<meta property=\"og:type\" content=\"article\" \/>\n<meta property=\"og:title\" content=\"Contacts - Pradecon\" \/>\n<meta property=\"og:description\" content=\"You can visit us in Arcos, Vila do Conde or contact us by phone or email. Access the Pradecon contact details here.\" \/>\n<meta property=\"og:url\" content=\"https:\/\/pradecon.pt\/en\/contacts\/\" \/>\n<meta property=\"og:site_name\" content=\"Pradecon\" \/>\n<meta property=\"article:modified_time\" content=\"2023-01-02T17:00:16+00:00\" \/>\n<meta property=\"og:image\" content=\"https:\/\/pradecon.pt\/wp-content\/uploads\/2021\/05\/logo-for-projeto-pradecon-default.png\" \/>\n\t<meta property=\"og:image:width\" content=\"686\" \/>\n\t<meta property=\"og:image:height\" content=\"411\" \/>\n\t<meta property=\"og:image:type\" content=\"image\/png\" \/>\n<meta name=\"twitter:card\" content=\"summary_large_image\" \/>\n<meta name=\"twitter:label1\" content=\"Est. reading time\" \/>\n\t<meta name=\"twitter:data1\" content=\"1 minute\" \/>\n<script type=\"application\/ld+json\" class=\"yoast-schema-graph\">{\"@context\":\"https:\/\/schema.org\",\"@graph\":[{\"@type\":\"WebPage\",\"@id\":\"https:\/\/pradecon.pt\/en\/contacts\/\",\"url\":\"https:\/\/pradecon.pt\/en\/contacts\/\",\"name\":\"Contacts - Pradecon\",\"isPartOf\":{\"@id\":\"https:\/\/pradecon.pt\/en\/#website\"},\"datePublished\":\"2021-05-31T13:57:44+00:00\",\"dateModified\":\"2023-01-02T17:00:16+00:00\",\"description\":\"You can visit us in Arcos, Vila do Conde or contact us by phone or email. Access the Pradecon contact details here.\",\"breadcrumb\":{\"@id\":\"https:\/\/pradecon.pt\/en\/contacts\/#breadcrumb\"},\"inLanguage\":\"en-US\",\"potentialAction\":[{\"@type\":\"ReadAction\",\"target\":[\"https:\/\/pradecon.pt\/en\/contacts\/\"]}]},{\"@type\":\"BreadcrumbList\",\"@id\":\"https:\/\/pradecon.pt\/en\/contacts\/#breadcrumb\",\"itemListElement\":[{\"@type\":\"ListItem\",\"position\":1,\"name\":\"In\u00edcio\",\"item\":\"https:\/\/pradecon.pt\/en\/\"},{\"@type\":\"ListItem\",\"position\":2,\"name\":\"Contacts\"}]},{\"@type\":\"WebSite\",\"@id\":\"https:\/\/pradecon.pt\/en\/#website\",\"url\":\"https:\/\/pradecon.pt\/en\/\",\"name\":\"Pradecon\",\"description\":\"Operamos no setor das energias renov\u00e1veis, especificamente no desenvolvimento, concep\u00e7\u00e3o, fabrica\u00e7\u00e3o e instala\u00e7\u00e3o de parques fotovoltaicos.\",\"publisher\":{\"@id\":\"https:\/\/pradecon.pt\/en\/#organization\"},\"potentialAction\":[{\"@type\":\"SearchAction\",\"target\":{\"@type\":\"EntryPoint\",\"urlTemplate\":\"https:\/\/pradecon.pt\/en\/?s={search_term_string}\"},\"query-input\":{\"@type\":\"PropertyValueSpecification\",\"valueRequired\":true,\"valueName\":\"search_term_string\"}}],\"inLanguage\":\"en-US\"},{\"@type\":\"Organization\",\"@id\":\"https:\/\/pradecon.pt\/en\/#organization\",\"name\":\"Pradecon\",\"url\":\"https:\/\/pradecon.pt\/en\/\",\"logo\":{\"@type\":\"ImageObject\",\"inLanguage\":\"en-US\",\"@id\":\"https:\/\/pradecon.pt\/en\/#\/schema\/logo\/image\/\",\"url\":\"https:\/\/pradecon.pt\/wp-content\/uploads\/2021\/05\/logo-for-projeto-pradecon-default.png\",\"contentUrl\":\"https:\/\/pradecon.pt\/wp-content\/uploads\/2021\/05\/logo-for-projeto-pradecon-default.png\",\"width\":686,\"height\":411,\"caption\":\"Pradecon\"},\"image\":{\"@id\":\"https:\/\/pradecon.pt\/en\/#\/schema\/logo\/image\/\"}}]}<\/script>\n<!-- \/ Yoast SEO plugin. -->","yoast_head_json":{"title":"Contacts - Pradecon","description":"You can visit us in Arcos, Vila do Conde or contact us by phone or email. Access the Pradecon contact details here.","robots":{"index":"index","follow":"follow","max-snippet":"max-snippet:-1","max-image-preview":"max-image-preview:large","max-video-preview":"max-video-preview:-1"},"canonical":"https:\/\/pradecon.pt\/en\/contacts\/","og_locale":"en_US","og_type":"article","og_title":"Contacts - Pradecon","og_description":"You can visit us in Arcos, Vila do Conde or contact us by phone or email. Access the Pradecon contact details here.","og_url":"https:\/\/pradecon.pt\/en\/contacts\/","og_site_name":"Pradecon","article_modified_time":"2023-01-02T17:00:16+00:00","og_image":[{"width":686,"height":411,"url":"https:\/\/pradecon.pt\/wp-content\/uploads\/2021\/05\/logo-for-projeto-pradecon-default.png","type":"image\/png"}],"twitter_card":"summary_large_image","twitter_misc":{"Est. reading time":"1 minute"},"schema":{"@context":"https:\/\/schema.org","@graph":[{"@type":"WebPage","@id":"https:\/\/pradecon.pt\/en\/contacts\/","url":"https:\/\/pradecon.pt\/en\/contacts\/","name":"Contacts - Pradecon","isPartOf":{"@id":"https:\/\/pradecon.pt\/en\/#website"},"datePublished":"2021-05-31T13:57:44+00:00","dateModified":"2023-01-02T17:00:16+00:00","description":"You can visit us in Arcos, Vila do Conde or contact us by phone or email. Access the Pradecon contact details here.","breadcrumb":{"@id":"https:\/\/pradecon.pt\/en\/contacts\/#breadcrumb"},"inLanguage":"en-US","potentialAction":[{"@type":"ReadAction","target":["https:\/\/pradecon.pt\/en\/contacts\/"]}]},{"@type":"BreadcrumbList","@id":"https:\/\/pradecon.pt\/en\/contacts\/#breadcrumb","itemListElement":[{"@type":"ListItem","position":1,"name":"In\u00edcio","item":"https:\/\/pradecon.pt\/en\/"},{"@type":"ListItem","position":2,"name":"Contacts"}]},{"@type":"WebSite","@id":"https:\/\/pradecon.pt\/en\/#website","url":"https:\/\/pradecon.pt\/en\/","name":"Pradecon","description":"Operamos no setor das energias renov\u00e1veis, especificamente no desenvolvimento, concep\u00e7\u00e3o, fabrica\u00e7\u00e3o e instala\u00e7\u00e3o de parques fotovoltaicos.","publisher":{"@id":"https:\/\/pradecon.pt\/en\/#organization"},"potentialAction":[{"@type":"SearchAction","target":{"@type":"EntryPoint","urlTemplate":"https:\/\/pradecon.pt\/en\/?s={search_term_string}"},"query-input":{"@type":"PropertyValueSpecification","valueRequired":true,"valueName":"search_term_string"}}],"inLanguage":"en-US"},{"@type":"Organization","@id":"https:\/\/pradecon.pt\/en\/#organization","name":"Pradecon","url":"https:\/\/pradecon.pt\/en\/","logo":{"@type":"ImageObject","inLanguage":"en-US","@id":"https:\/\/pradecon.pt\/en\/#\/schema\/logo\/image\/","url":"https:\/\/pradecon.pt\/wp-content\/uploads\/2021\/05\/logo-for-projeto-pradecon-default.png","contentUrl":"https:\/\/pradecon.pt\/wp-content\/uploads\/2021\/05\/logo-for-projeto-pradecon-default.png","width":686,"height":411,"caption":"Pradecon"},"image":{"@id":"https:\/\/pradecon.pt\/en\/#\/schema\/logo\/image\/"}}]}},"_links":{"self":[{"href":"https:\/\/pradecon.pt\/en\/wp-json\/wp\/v2\/pages\/2212","targetHints":{"allow":["GET"]}}],"collection":[{"href":"https:\/\/pradecon.pt\/en\/wp-json\/wp\/v2\/pages"}],"about":[{"href":"https:\/\/pradecon.pt\/en\/wp-json\/wp\/v2\/types\/page"}],"author":[{"embeddable":true,"href":"https:\/\/pradecon.pt\/en\/wp-json\/wp\/v2\/users\/1"}],"replies":[{"embeddable":true,"href":"https:\/\/pradecon.pt\/en\/wp-json\/wp\/v2\/comments?post=2212"}],"version-history":[{"count":14,"href":"https:\/\/pradecon.pt\/en\/wp-json\/wp\/v2\/pages\/2212\/revisions"}],"predecessor-version":[{"id":2578,"href":"https:\/\/pradecon.pt\/en\/wp-json\/wp\/v2\/pages\/2212\/revisions\/2578"}],"wp:attachment":[{"href":"https:\/\/pradecon.pt\/en\/wp-json\/wp\/v2\/media?parent=2212"}],"curies":[{"name":"wp","href":"https:\/\/api.w.org\/{rel}","templated":true}]}}